{"id":3464,"date":"2025-01-29T12:12:07","date_gmt":"2025-01-29T11:12:07","guid":{"rendered":"https:\/\/www.esim-chemicals.com\/?page_id=3464"},"modified":"2025-01-29T12:12:45","modified_gmt":"2025-01-29T11:12:45","slug":"whistleblowing","status":"publish","type":"page","link":"https:\/\/www.esim-chemicals.com\/de\/whistleblowing\/","title":{"rendered":"Whistleblowing"},"content":{"rendered":"\t\t<div data-elementor-type=\"wp-page\" data-elementor-id=\"3464\" class=\"elementor elementor-3464 elementor-3463\" data-elementor-post-type=\"page\">\n\t\t\t\t\t\t<section class=\"elementor-section elementor-top-section elementor-element elementor-element-4c46ea36 elementor-section-full_width elementor-reverse-mobile elementor-section-height-default elementor-section-height-default\" data-id=\"4c46ea36\" data-element_type=\"section\" data-e-type=\"section\" data-settings=\"{&quot;background_background&quot;:&quot;classic&quot;}\">\n\t\t\t\t\t\t\t<div class=\"elementor-background-overlay\"><\/div>\n\t\t\t\t\t\t\t<div class=\"elementor-container elementor-column-gap-default\">\n\t\t\t\t\t<div class=\"elementor-column elementor-col-100 elementor-top-column elementor-element elementor-element-4a4c5c0a\" data-id=\"4a4c5c0a\" data-element_type=\"column\" data-e-type=\"column\" data-settings=\"{&quot;background_background&quot;:&quot;classic&quot;}\">\n\t\t\t<div class=\"elementor-widget-wrap elementor-element-populated\">\n\t\t\t\t\t\t<div class=\"elementor-element elementor-element-5c6c1456 elementor-widget elementor-widget-heading\" data-id=\"5c6c1456\" data-element_type=\"widget\" data-e-type=\"widget\" data-widget_type=\"heading.default\">\n\t\t\t\t<div class=\"elementor-widget-container\">\n\t\t\t\t\t<h1 class=\"elementor-heading-title elementor-size-large\">Whistleblowing<\/h1>\t\t\t\t<\/div>\n\t\t\t\t<\/div>\n\t\t\t\t<div class=\"elementor-element elementor-element-1727f7f5 elementor-widget elementor-widget-text-editor\" data-id=\"1727f7f5\" data-element_type=\"widget\" data-e-type=\"widget\" data-widget_type=\"text-editor.default\">\n\t\t\t\t<div class=\"elementor-widget-container\">\n\t\t\t\t\t\t\t\t\t<p>Vertrauen durch Transparenz \u2013 Ihre Stimme f\u00fcr ein <span style=\"color: #ff9900;\">integres Arbeitsumfeld<\/span> \/\/\/<\/p>\t\t\t\t\t\t\t\t<\/div>\n\t\t\t\t<\/div>\n\t\t\t\t\t<\/div>\n\t\t<\/div>\n\t\t\t\t\t<\/div>\n\t\t<\/section>\n\t\t<div class=\"elementor-element elementor-element-ab1885e e-flex e-con-boxed e-con e-parent\" data-id=\"ab1885e\" data-element_type=\"container\" data-e-type=\"container\">\n\t\t\t\t\t<div class=\"e-con-inner\">\n\t\t<div class=\"elementor-element elementor-element-6970bbb e-con-full e-flex e-con e-child\" data-id=\"6970bbb\" data-element_type=\"container\" data-e-type=\"container\">\n\t\t\t\t<div class=\"elementor-element elementor-element-9c7fc8b elementor-widget elementor-widget-text-editor\" data-id=\"9c7fc8b\" data-element_type=\"widget\" data-e-type=\"widget\" data-widget_type=\"text-editor.default\">\n\t\t\t\t<div class=\"elementor-widget-container\">\n\t\t\t\t\t\t\t\t\t<p style=\"font-weight: 400;\">ESIM Chemicals setzt sich f\u00fcr eine offene und transparente Unternehmenskultur ein. Wir m\u00f6chten unseren Mitarbeitenden und externen Stakeholdern die M\u00f6glichkeit geben, anonym auf Missst\u00e4nde oder potenzielle Verst\u00f6\u00dfe gegen rechtliche oder ethische Standards hinzuweisen. Ihre Hinweise helfen uns, unsere Integrit\u00e4t zu wahren und ein verantwortungsbewusstes Arbeitsumfeld zu gew\u00e4hrleisten.  <\/p>\n<p>Bitte nutzen Sie f\u00fcr Meldungen die folgende E-Mail-Adresse:<br \/><a href=\"mailto:external.whistleblower@esim-chemicals.com\" rel=\"noopener\">external.whistleblower@esim-chemicals.com<\/a><\/p>\n<p style=\"font-weight: 400;\">\n\t\t\t\t\t\t\t\t<\/div>\n\t\t\t\t<\/div>\n\t\t\t\t<\/div>\n\t\t<div class=\"elementor-element elementor-element-af9cc2b e-con-full e-flex e-con e-child\" data-id=\"af9cc2b\" data-element_type=\"container\" data-e-type=\"container\">\n\t\t\t\t<div class=\"elementor-element elementor-element-f297638 elementor-widget elementor-widget-image\" data-id=\"f297638\" data-element_type=\"widget\" data-e-type=\"widget\" data-widget_type=\"image.default\">\n\t\t\t\t<div class=\"elementor-widget-container\">\n\t\t\t\t\t\t\t\t\t\t\t\t\t\t\t<img fetchpriority=\"high\" decoding=\"async\" width=\"800\" height=\"530\" src=\"https:\/\/www.esim-chemicals.com\/wp-content\/uploads\/2025\/01\/AdobeStock_440646955-1024x679.jpeg\" class=\"attachment-large size-large wp-image-3470\" alt=\"whistlblower\" srcset=\"https:\/\/www.esim-chemicals.com\/wp-content\/uploads\/2025\/01\/AdobeStock_440646955-1024x679.jpeg 1024w, https:\/\/www.esim-chemicals.com\/wp-content\/uploads\/2025\/01\/AdobeStock_440646955-300x199.jpeg 300w, https:\/\/www.esim-chemicals.com\/wp-content\/uploads\/2025\/01\/AdobeStock_440646955-768x509.jpeg 768w, https:\/\/www.esim-chemicals.com\/wp-content\/uploads\/2025\/01\/AdobeStock_440646955-1536x1019.jpeg 1536w, https:\/\/www.esim-chemicals.com\/wp-content\/uploads\/2025\/01\/AdobeStock_440646955-2048x1359.jpeg 2048w\" sizes=\"(max-width: 800px) 100vw, 800px\" \/>\t\t\t\t\t\t\t\t\t\t\t\t\t\t\t<\/div>\n\t\t\t\t<\/div>\n\t\t\t\t<\/div>\n\t\t\t\t\t<\/div>\n\t\t\t\t<\/div>\n\t\t\t\t<\/div>\n\t\t","protected":false},"excerpt":{"rendered":"<p>Whistleblowing Vertrauen durch Transparenz \u2013 Ihre Stimme f\u00fcr ein integres Arbeitsumfeld \/\/\/ ESIM Chemicals setzt sich f\u00fcr eine offene und transparente Unternehmenskultur ein. Wir m\u00f6chten unseren Mitarbeitenden und externen Stakeholdern die M\u00f6glichkeit geben, anonym auf Missst\u00e4nde oder potenzielle Verst\u00f6\u00dfe gegen rechtliche oder ethische Standards hinzuweisen. Ihre Hinweise helfen uns, unsere Integrit\u00e4t zu wahren und ein [&hellip;]<\/p>\n","protected":false},"author":1,"featured_media":0,"parent":0,"menu_order":0,"comment_status":"closed","ping_status":"closed","template":"","meta":{"footnotes":""},"class_list":["post-3464","page","type-page","status-publish","hentry"],"_links":{"self":[{"href":"https:\/\/www.esim-chemicals.com\/de\/wp-json\/wp\/v2\/pages\/3464","targetHints":{"allow":["GET"]}}],"collection":[{"href":"https:\/\/www.esim-chemicals.com\/de\/wp-json\/wp\/v2\/pages"}],"about":[{"href":"https:\/\/www.esim-chemicals.com\/de\/wp-json\/wp\/v2\/types\/page"}],"author":[{"embeddable":true,"href":"https:\/\/www.esim-chemicals.com\/de\/wp-json\/wp\/v2\/users\/1"}],"replies":[{"embeddable":true,"href":"https:\/\/www.esim-chemicals.com\/de\/wp-json\/wp\/v2\/comments?post=3464"}],"version-history":[{"count":9,"href":"https:\/\/www.esim-chemicals.com\/de\/wp-json\/wp\/v2\/pages\/3464\/revisions"}],"predecessor-version":[{"id":3496,"href":"https:\/\/www.esim-chemicals.com\/de\/wp-json\/wp\/v2\/pages\/3464\/revisions\/3496"}],"wp:attachment":[{"href":"https:\/\/www.esim-chemicals.com\/de\/wp-json\/wp\/v2\/media?parent=3464"}],"curies":[{"name":"wp","href":"https:\/\/api.w.org\/{rel}","templated":true}]}}