{"id":2533,"date":"2022-12-20T11:06:26","date_gmt":"2022-12-20T10:06:26","guid":{"rendered":"https:\/\/www.esim-chemicals.com\/service-und-produkte\/projekt-und-implementierungsmanagement\/"},"modified":"2022-12-23T10:35:17","modified_gmt":"2022-12-23T09:35:17","slug":"projekt-und-implementierungsmanagement","status":"publish","type":"page","link":"https:\/\/www.esim-chemicals.com\/de\/service-und-produkte\/projekt-und-implementierungsmanagement\/","title":{"rendered":"Projekt- und Implementierungsmanagement"},"content":{"rendered":"\t\t<div data-elementor-type=\"wp-page\" data-elementor-id=\"2533\" class=\"elementor elementor-2533 elementor-277\" data-elementor-post-type=\"page\">\n\t\t\t\t\t\t<section class=\"elementor-section elementor-top-section elementor-element elementor-element-203fc50d elementor-section-full_width elementor-reverse-mobile elementor-section-height-default elementor-section-height-default\" data-id=\"203fc50d\" data-element_type=\"section\" data-e-type=\"section\" data-settings=\"{&quot;background_background&quot;:&quot;classic&quot;}\">\n\t\t\t\t\t\t\t<div class=\"elementor-background-overlay\"><\/div>\n\t\t\t\t\t\t\t<div class=\"elementor-container elementor-column-gap-default\">\n\t\t\t\t\t<div class=\"elementor-column elementor-col-100 elementor-top-column elementor-element elementor-element-7e56f5ea\" data-id=\"7e56f5ea\" data-element_type=\"column\" data-e-type=\"column\" data-settings=\"{&quot;background_background&quot;:&quot;classic&quot;}\">\n\t\t\t<div class=\"elementor-widget-wrap elementor-element-populated\">\n\t\t\t\t\t\t<div class=\"elementor-element elementor-element-dcf6e33 elementor-widget elementor-widget-heading\" data-id=\"dcf6e33\" data-element_type=\"widget\" data-e-type=\"widget\" data-widget_type=\"heading.default\">\n\t\t\t\t<div class=\"elementor-widget-container\">\n\t\t\t\t\t<h1 class=\"elementor-heading-title elementor-size-large\">Projekt- und Implementierungsmanagement. <\/h1>\t\t\t\t<\/div>\n\t\t\t\t<\/div>\n\t\t\t\t<div class=\"elementor-element elementor-element-1c468474 elementor-widget elementor-widget-text-editor\" data-id=\"1c468474\" data-element_type=\"widget\" data-e-type=\"widget\" data-widget_type=\"text-editor.default\">\n\t\t\t\t<div class=\"elementor-widget-container\">\n\t\t\t\t\t\t\t\t\t<p>Unser <span style=\"color: #ff9900;\">Leistungsspektrum<\/span> \/\/\/<\/p>\n\t\t\t\t\t\t\t\t<\/div>\n\t\t\t\t<\/div>\n\t\t\t\t\t<\/div>\n\t\t<\/div>\n\t\t\t\t\t<\/div>\n\t\t<\/section>\n\t\t\t\t<section class=\"elementor-section elementor-top-section elementor-element elementor-element-6f62e3b4 elementor-section-boxed elementor-section-height-default elementor-section-height-default\" data-id=\"6f62e3b4\" data-element_type=\"section\" data-e-type=\"section\">\n\t\t\t\t\t\t<div class=\"elementor-container elementor-column-gap-default\">\n\t\t\t\t\t<div class=\"elementor-column elementor-col-66 elementor-top-column elementor-element elementor-element-25e69edf\" data-id=\"25e69edf\" data-element_type=\"column\" data-e-type=\"column\">\n\t\t\t<div class=\"elementor-widget-wrap elementor-element-populated\">\n\t\t\t\t\t\t<div class=\"elementor-element elementor-element-26963d2f elementor-widget elementor-widget-text-editor\" data-id=\"26963d2f\" data-element_type=\"widget\" data-e-type=\"widget\" data-widget_type=\"text-editor.default\">\n\t\t\t\t<div class=\"elementor-widget-container\">\n\t\t\t\t\t\t\t\t\t<div><div><span lang=\"EN-US\">Als weltweit f\u00fchrendes Unternehmen in der kundenspezifischen Fertigung befindet sich ESIM Chemicals\u2122 direkt im Herzen Europas, Linz, \u00d6sterreich. Mit unseren hochmodernen Produktionsanlagen bieten wir ma\u00dfgeschneiderte Fertigungsdienstleistungen f\u00fcr Ihre Projekte in verschiedenen M\u00e4rkten (Pflanzenschutz, Lebens- und Futtermittel, K\u00f6rperpflege, Polymeradditive, Non-GMP-Pharma-Zwischenprodukte, \u2026).<\/span><br><span lang=\"EN-US\">Unsere exklusiven Synthesekapazit\u00e4ten umfassen die Phasen des Produktlebenszyklus von der Prozess\u00fcbertragung \u00fcber die 5 Batch Analysis bis hin zur globalen Volumenlieferung. Wir verf\u00fcgen \u00fcber jahrzehntelange Erfahrung in komplexer Chemie und Spezialtechnologien und unsere Erfolgsbilanz f\u00fcr kontinuierliche Prozessverbesserung, ma\u00dfgeschneiderte Lieferketten, Qualit\u00e4t und p\u00fcnktliche Lieferung ist un\u00fcbertroffen.<\/span><\/div><div><span lang=\"EN-US\">Dies sind nur einige der Gr\u00fcnde, warum viele der angesehensten Unternehmen der Welt auf ESIM Chemicals vertrauen.<\/span><\/div><\/div>\t\t\t\t\t\t\t\t<\/div>\n\t\t\t\t<\/div>\n\t\t\t\t\t<\/div>\n\t\t<\/div>\n\t\t\t\t<div class=\"elementor-column elementor-col-33 elementor-top-column elementor-element elementor-element-275a0457\" data-id=\"275a0457\" data-element_type=\"column\" data-e-type=\"column\">\n\t\t\t<div class=\"elementor-widget-wrap elementor-element-populated\">\n\t\t\t\t\t\t<div class=\"elementor-element elementor-element-a82c2d9 elementor-widget elementor-widget-image\" data-id=\"a82c2d9\" data-element_type=\"widget\" data-e-type=\"widget\" data-widget_type=\"image.default\">\n\t\t\t\t<div class=\"elementor-widget-container\">\n\t\t\t\t\t\t\t\t\t\t\t\t\t\t\t<img fetchpriority=\"high\" decoding=\"async\" width=\"800\" height=\"534\" src=\"https:\/\/www.esim-chemicals.com\/wp-content\/uploads\/2021\/11\/Nordlicht-OM2A6468-1-1024x683.jpg\" class=\"attachment-large size-large wp-image-2120\" alt=\"\" srcset=\"https:\/\/www.esim-chemicals.com\/wp-content\/uploads\/2021\/11\/Nordlicht-OM2A6468-1-1024x683.jpg 1024w, https:\/\/www.esim-chemicals.com\/wp-content\/uploads\/2021\/11\/Nordlicht-OM2A6468-1-300x200.jpg 300w, https:\/\/www.esim-chemicals.com\/wp-content\/uploads\/2021\/11\/Nordlicht-OM2A6468-1-768x512.jpg 768w, https:\/\/www.esim-chemicals.com\/wp-content\/uploads\/2021\/11\/Nordlicht-OM2A6468-1.jpg 1500w\" sizes=\"(max-width: 800px) 100vw, 800px\" \/>\t\t\t\t\t\t\t\t\t\t\t\t\t\t\t<\/div>\n\t\t\t\t<\/div>\n\t\t\t\t\t<\/div>\n\t\t<\/div>\n\t\t\t\t\t<\/div>\n\t\t<\/section>\n\t\t\t\t<section class=\"elementor-section elementor-top-section elementor-element elementor-element-d9d9f74 elementor-section-boxed elementor-section-height-default elementor-section-height-default\" data-id=\"d9d9f74\" data-element_type=\"section\" data-e-type=\"section\">\n\t\t\t\t\t\t<div class=\"elementor-container elementor-column-gap-default\">\n\t\t\t\t\t<div class=\"elementor-column elementor-col-100 elementor-top-column elementor-element elementor-element-0719e3e\" data-id=\"0719e3e\" data-element_type=\"column\" data-e-type=\"column\">\n\t\t\t<div class=\"elementor-widget-wrap elementor-element-populated\">\n\t\t\t\t\t\t<div class=\"elementor-element elementor-element-f33377c elementor-widget elementor-widget-image\" data-id=\"f33377c\" data-element_type=\"widget\" data-e-type=\"widget\" data-widget_type=\"image.default\">\n\t\t\t\t<div class=\"elementor-widget-container\">\n\t\t\t\t\t\t\t\t\t\t\t\t\t\t\t<img decoding=\"async\" src=\"https:\/\/www.esim-chemicals.com\/wp-content\/uploads\/2022\/01\/Product-Project-implementation-cycle.png\" title=\"Product-Project implementation cycle\" alt=\"Product-Project implementation cycle\" loading=\"lazy\" \/>\t\t\t\t\t\t\t\t\t\t\t\t\t\t\t<\/div>\n\t\t\t\t<\/div>\n\t\t\t\t\t<\/div>\n\t\t<\/div>\n\t\t\t\t\t<\/div>\n\t\t<\/section>\n\t\t\t\t<\/div>\n\t\t","protected":false},"excerpt":{"rendered":"<p>Projekt- und Implementierungsmanagement. Unser Leistungsspektrum \/\/\/ Als weltweit f\u00fchrendes Unternehmen in der kundenspezifischen Fertigung befindet sich ESIM Chemicals\u2122 direkt im Herzen Europas, Linz, \u00d6sterreich. Mit unseren hochmodernen Produktionsanlagen bieten wir ma\u00dfgeschneiderte Fertigungsdienstleistungen f\u00fcr Ihre Projekte in verschiedenen M\u00e4rkten (Pflanzenschutz, Lebens- und Futtermittel, K\u00f6rperpflege, Polymeradditive, Non-GMP-Pharma-Zwischenprodukte, \u2026).Unsere exklusiven Synthesekapazit\u00e4ten umfassen die Phasen des Produktlebenszyklus von der [&hellip;]<\/p>\n","protected":false},"author":1,"featured_media":0,"parent":2517,"menu_order":0,"comment_status":"closed","ping_status":"closed","template":"","meta":{"footnotes":""},"class_list":["post-2533","page","type-page","status-publish","hentry"],"_links":{"self":[{"href":"https:\/\/www.esim-chemicals.com\/de\/wp-json\/wp\/v2\/pages\/2533","targetHints":{"allow":["GET"]}}],"collection":[{"href":"https:\/\/www.esim-chemicals.com\/de\/wp-json\/wp\/v2\/pages"}],"about":[{"href":"https:\/\/www.esim-chemicals.com\/de\/wp-json\/wp\/v2\/types\/page"}],"author":[{"embeddable":true,"href":"https:\/\/www.esim-chemicals.com\/de\/wp-json\/wp\/v2\/users\/1"}],"replies":[{"embeddable":true,"href":"https:\/\/www.esim-chemicals.com\/de\/wp-json\/wp\/v2\/comments?post=2533"}],"version-history":[{"count":4,"href":"https:\/\/www.esim-chemicals.com\/de\/wp-json\/wp\/v2\/pages\/2533\/revisions"}],"predecessor-version":[{"id":2656,"href":"https:\/\/www.esim-chemicals.com\/de\/wp-json\/wp\/v2\/pages\/2533\/revisions\/2656"}],"up":[{"embeddable":true,"href":"https:\/\/www.esim-chemicals.com\/de\/wp-json\/wp\/v2\/pages\/2517"}],"wp:attachment":[{"href":"https:\/\/www.esim-chemicals.com\/de\/wp-json\/wp\/v2\/media?parent=2533"}],"curies":[{"name":"wp","href":"https:\/\/api.w.org\/{rel}","templated":true}]}}