{"id":2511,"date":"2022-12-20T10:25:25","date_gmt":"2022-12-20T09:25:25","guid":{"rendered":"https:\/\/www.esim-chemicals.com\/qualitaet-she\/she\/"},"modified":"2022-12-23T10:37:39","modified_gmt":"2022-12-23T09:37:39","slug":"she","status":"publish","type":"page","link":"https:\/\/www.esim-chemicals.com\/de\/qualitaet-she\/she\/","title":{"rendered":"SHE"},"content":{"rendered":"\t\t<div data-elementor-type=\"wp-page\" data-elementor-id=\"2511\" class=\"elementor elementor-2511 elementor-300\" data-elementor-post-type=\"page\">\n\t\t\t\t\t\t<section class=\"elementor-section elementor-top-section elementor-element elementor-element-203fc50d elementor-section-full_width elementor-reverse-mobile elementor-section-height-default elementor-section-height-default\" data-id=\"203fc50d\" data-element_type=\"section\" data-e-type=\"section\" data-settings=\"{&quot;background_background&quot;:&quot;classic&quot;}\">\n\t\t\t\t\t\t\t<div class=\"elementor-background-overlay\"><\/div>\n\t\t\t\t\t\t\t<div class=\"elementor-container elementor-column-gap-default\">\n\t\t\t\t\t<div class=\"elementor-column elementor-col-100 elementor-top-column elementor-element elementor-element-7e56f5ea\" data-id=\"7e56f5ea\" data-element_type=\"column\" data-e-type=\"column\" data-settings=\"{&quot;background_background&quot;:&quot;classic&quot;}\">\n\t\t\t<div class=\"elementor-widget-wrap elementor-element-populated\">\n\t\t\t\t\t\t<div class=\"elementor-element elementor-element-dcf6e33 elementor-widget elementor-widget-heading\" data-id=\"dcf6e33\" data-element_type=\"widget\" data-e-type=\"widget\" data-widget_type=\"heading.default\">\n\t\t\t\t<div class=\"elementor-widget-container\">\n\t\t\t\t\t<h1 class=\"elementor-heading-title elementor-size-large\">SHE.<\/h1>\t\t\t\t<\/div>\n\t\t\t\t<\/div>\n\t\t\t\t<div class=\"elementor-element elementor-element-1c468474 elementor-widget elementor-widget-text-editor\" data-id=\"1c468474\" data-element_type=\"widget\" data-e-type=\"widget\" data-widget_type=\"text-editor.default\">\n\t\t\t\t<div class=\"elementor-widget-container\">\n\t\t\t\t\t\t\t\t\t<div><span lang=\"EN-US\">Safety, Health,<\/span> <span style=\"color: #ff9900;\">Environment<\/span> \/\/\/<\/div>\n\t\t\t\t\t\t\t\t<\/div>\n\t\t\t\t<\/div>\n\t\t\t\t\t<\/div>\n\t\t<\/div>\n\t\t\t\t\t<\/div>\n\t\t<\/section>\n\t\t\t\t<section class=\"elementor-section elementor-top-section elementor-element elementor-element-598099be elementor-section-boxed elementor-section-height-default elementor-section-height-default\" data-id=\"598099be\" data-element_type=\"section\" data-e-type=\"section\">\n\t\t\t\t\t\t<div class=\"elementor-container elementor-column-gap-default\">\n\t\t\t\t\t<div class=\"elementor-column elementor-col-66 elementor-top-column elementor-element elementor-element-64375be6\" data-id=\"64375be6\" data-element_type=\"column\" data-e-type=\"column\">\n\t\t\t<div class=\"elementor-widget-wrap elementor-element-populated\">\n\t\t\t\t\t\t<div class=\"elementor-element elementor-element-44894c6a elementor-widget elementor-widget-text-editor\" data-id=\"44894c6a\" data-element_type=\"widget\" data-e-type=\"widget\" data-widget_type=\"text-editor.default\">\n\t\t\t\t<div class=\"elementor-widget-container\">\n\t\t\t\t\t\t\t\t\t<p><strong>SHE \u2013 Schutz von Sicherheit, Gesundheit und Umwelt<\/strong><\/p><p>ESIM Chemicals\u2122 engagiert sich stark f\u00fcr den Schutz der Sicherheit und Gesundheit ihrer und unserer Mitarbeiter. Wir arbeiten auch stetig daran, unsere Auswirkungen auf die Umwelt zu minimieren und unser Gesch\u00e4ft auf verantwortungsvolle und nachhaltige Weise zu f\u00fchren. Deshalb begr\u00fc\u00dfen wir jede Gelegenheit, um mit Unternehmen zusammenzuarbeiten, die unsere \u00dcberzeugungen teilen. Gemeinsam verbessern wir nachhaltig die Welt in der wir Leben.<\/p>\t\t\t\t\t\t\t\t<\/div>\n\t\t\t\t<\/div>\n\t\t\t\t\t<\/div>\n\t\t<\/div>\n\t\t\t\t<div class=\"elementor-column elementor-col-33 elementor-top-column elementor-element elementor-element-56aacba4\" data-id=\"56aacba4\" data-element_type=\"column\" data-e-type=\"column\">\n\t\t\t<div class=\"elementor-widget-wrap elementor-element-populated\">\n\t\t\t\t\t\t<div class=\"elementor-element elementor-element-2a47b43 elementor-widget elementor-widget-image\" data-id=\"2a47b43\" data-element_type=\"widget\" data-e-type=\"widget\" data-widget_type=\"image.default\">\n\t\t\t\t<div class=\"elementor-widget-container\">\n\t\t\t\t\t\t\t\t\t\t\t\t\t\t\t<img fetchpriority=\"high\" decoding=\"async\" width=\"800\" height=\"534\" src=\"https:\/\/www.esim-chemicals.com\/wp-content\/uploads\/2021\/11\/Nordlicht-OM2A6441-2-1024x683.jpg\" class=\"attachment-large size-large wp-image-2122\" alt=\"\" srcset=\"https:\/\/www.esim-chemicals.com\/wp-content\/uploads\/2021\/11\/Nordlicht-OM2A6441-2-1024x683.jpg 1024w, https:\/\/www.esim-chemicals.com\/wp-content\/uploads\/2021\/11\/Nordlicht-OM2A6441-2-300x200.jpg 300w, https:\/\/www.esim-chemicals.com\/wp-content\/uploads\/2021\/11\/Nordlicht-OM2A6441-2-768x512.jpg 768w, https:\/\/www.esim-chemicals.com\/wp-content\/uploads\/2021\/11\/Nordlicht-OM2A6441-2.jpg 1500w\" sizes=\"(max-width: 800px) 100vw, 800px\" \/>\t\t\t\t\t\t\t\t\t\t\t\t\t\t\t<\/div>\n\t\t\t\t<\/div>\n\t\t\t\t\t<\/div>\n\t\t<\/div>\n\t\t\t\t\t<\/div>\n\t\t<\/section>\n\t\t\t\t<section class=\"elementor-section elementor-top-section elementor-element elementor-element-752be98e elementor-section-boxed elementor-section-height-default elementor-section-height-default\" data-id=\"752be98e\" data-element_type=\"section\" data-e-type=\"section\">\n\t\t\t\t\t\t<div class=\"elementor-container elementor-column-gap-default\">\n\t\t\t\t\t<div class=\"elementor-column elementor-col-66 elementor-top-column elementor-element elementor-element-4a5211cc\" data-id=\"4a5211cc\" data-element_type=\"column\" data-e-type=\"column\">\n\t\t\t<div class=\"elementor-widget-wrap elementor-element-populated\">\n\t\t\t\t\t\t<div class=\"elementor-element elementor-element-43323c82 elementor-widget elementor-widget-text-editor\" data-id=\"43323c82\" data-element_type=\"widget\" data-e-type=\"widget\" data-widget_type=\"text-editor.default\">\n\t\t\t\t<div class=\"elementor-widget-container\">\n\t\t\t\t\t\t\t\t\t<p><strong>Sicherheit<\/strong><\/p>\n<p><strong>Sicherheit in der Entwicklungsphase<\/strong><\/p>\n<p>Sichere Prozesse und Ger\u00e4te werden schon in den fr\u00fchesten Phasen eines jeden Projekts integriert.<\/p>\n<p>Wir <b>betreiben<\/b> eine professionelle Forschungs- und Entwicklungsabteilung, die von einem Sicherheitslabor unterst\u00fctzt wird. Dies hilft Teams in der Fr\u00fchphase mit jenen Informationen, die f\u00fcr inh\u00e4rent sicherere Prozessdesigns erforderlich sind.<\/p>\n<p><strong>Sicherheit in der Produktion<\/strong><\/p>\n<p>Bei ESIM Chemicals f\u00fchren multidisziplin\u00e4re Teams HAZOP-Studien zu jedem Prozess durch, wobei der Schwerpunkt auf Ausr\u00fcstung, Chemie und m\u00f6glichen Umweltauswirkungen liegt. Potenzielle Risiken werden identifiziert und Strategien definiert, um m\u00f6gliche Folgen auf ein akzeptables Ma\u00df zu mindern oder ganz zu beseitigen. Unsere sicherheitstechnischen Systeme sind nach EN ISO 61511 ausgelegt.<\/p>\n<p><strong>Sicherheit bei der Produkthandhabung<\/strong><\/p>\n<p>Arbeitssicherheitsbeurteilungen identifizieren alle potenziellen Expositionsszenarien. Abh\u00e4ngig von den m\u00f6glichen Folgen werden Ma\u00dfnahmen definiert, um diesen Risiken vorzubeugen.<span class=\"Apple-converted-space\"> <\/span><\/p>\n<p>Zur Unterweisung und Information der mit unseren Produkten arbeitenden Personen sind Sicherheitsdatenbl\u00e4tter f\u00fcr alle Produkte in allen relevanten Sprachen verf\u00fcgbar und erf\u00fcllen alle Anforderungen f\u00fcr die REACH-Registrierung und die CLP-Einstufungsrichtlinie. F\u00fcr Massenprodukte sind GHS-Dokumente auf dem ICCA GPS Chemicals Portal verf\u00fcgbar.<\/p>\n<p><strong>Sicherheitszertifizierung<\/strong><\/p>\n<p>ESIM Chemicals hat ein Sicherheitsmanagementsystem gem\u00e4\u00df <b>ISO 45001<\/b> implementiert.<\/p>\t\t\t\t\t\t\t\t<\/div>\n\t\t\t\t<\/div>\n\t\t\t\t\t<\/div>\n\t\t<\/div>\n\t\t\t\t<div class=\"elementor-column elementor-col-33 elementor-top-column elementor-element elementor-element-57a65dfa\" data-id=\"57a65dfa\" data-element_type=\"column\" data-e-type=\"column\">\n\t\t\t<div class=\"elementor-widget-wrap elementor-element-populated\">\n\t\t\t\t\t\t<div class=\"elementor-element elementor-element-4142d6b elementor-widget elementor-widget-image\" data-id=\"4142d6b\" data-element_type=\"widget\" data-e-type=\"widget\" data-widget_type=\"image.default\">\n\t\t\t\t<div class=\"elementor-widget-container\">\n\t\t\t\t\t\t\t\t\t\t\t\t\t\t\t<img decoding=\"async\" width=\"800\" height=\"534\" src=\"https:\/\/www.esim-chemicals.com\/wp-content\/uploads\/2021\/11\/Nordlicht-OM2A6545-1024x683.jpg\" class=\"attachment-large size-large wp-image-2073\" alt=\"\" srcset=\"https:\/\/www.esim-chemicals.com\/wp-content\/uploads\/2021\/11\/Nordlicht-OM2A6545-1024x683.jpg 1024w, https:\/\/www.esim-chemicals.com\/wp-content\/uploads\/2021\/11\/Nordlicht-OM2A6545-300x200.jpg 300w, https:\/\/www.esim-chemicals.com\/wp-content\/uploads\/2021\/11\/Nordlicht-OM2A6545-768x512.jpg 768w, https:\/\/www.esim-chemicals.com\/wp-content\/uploads\/2021\/11\/Nordlicht-OM2A6545.jpg 1500w\" sizes=\"(max-width: 800px) 100vw, 800px\" \/>\t\t\t\t\t\t\t\t\t\t\t\t\t\t\t<\/div>\n\t\t\t\t<\/div>\n\t\t\t\t\t<\/div>\n\t\t<\/div>\n\t\t\t\t\t<\/div>\n\t\t<\/section>\n\t\t\t\t<section class=\"elementor-section elementor-top-section elementor-element elementor-element-24f0e73b elementor-section-boxed elementor-section-height-default elementor-section-height-default\" data-id=\"24f0e73b\" data-element_type=\"section\" data-e-type=\"section\">\n\t\t\t\t\t\t<div class=\"elementor-container elementor-column-gap-default\">\n\t\t\t\t\t<div class=\"elementor-column elementor-col-66 elementor-top-column elementor-element elementor-element-3e242e4\" data-id=\"3e242e4\" data-element_type=\"column\" data-e-type=\"column\">\n\t\t\t<div class=\"elementor-widget-wrap elementor-element-populated\">\n\t\t\t\t\t\t<div class=\"elementor-element elementor-element-3d248480 elementor-widget elementor-widget-text-editor\" data-id=\"3d248480\" data-element_type=\"widget\" data-e-type=\"widget\" data-widget_type=\"text-editor.default\">\n\t\t\t\t<div class=\"elementor-widget-container\">\n\t\t\t\t\t\t\t\t\t<p><strong>Gesundheit<\/strong><\/p><p><strong>Arbeitsschutz \/ Sicherer Umgang mit Produkten<\/strong><\/p><p>Zur Sicherheit aller Personen, die bei ESIM Chemicals mit chemischen Produkten arbeiten, werden m\u00f6gliche Expositionsszenarien sorgf\u00e4ltig gepr\u00fcft. Wenn erforderlich, ist die Verwendung geschlossener Ger\u00e4te nach M\u00f6glichkeit die bevorzugte Strategie, um den Kontakt mit Stoffen zu minimieren. Ein industrielles Hygiene\u00fcberwachungssystem stellt sicher, dass jede Exposition innerhalb sicherer Grenzen liegt.<\/p><p><strong>Gesundheitszertifizierung<\/strong><\/p><p>Unser Sicherheits- und Gesundheitsmanagementsystem ist nach <b>ISO 45001<\/b> zertifiziert.<\/p>\t\t\t\t\t\t\t\t<\/div>\n\t\t\t\t<\/div>\n\t\t\t\t\t<\/div>\n\t\t<\/div>\n\t\t\t\t<div class=\"elementor-column elementor-col-33 elementor-top-column elementor-element elementor-element-7d81c63a\" data-id=\"7d81c63a\" data-element_type=\"column\" data-e-type=\"column\">\n\t\t\t<div class=\"elementor-widget-wrap elementor-element-populated\">\n\t\t\t\t\t\t<div class=\"elementor-element elementor-element-1bbc81e7 elementor-widget elementor-widget-image\" data-id=\"1bbc81e7\" data-element_type=\"widget\" data-e-type=\"widget\" data-widget_type=\"image.default\">\n\t\t\t\t<div class=\"elementor-widget-container\">\n\t\t\t\t\t\t\t\t\t\t\t\t\t\t\t<img decoding=\"async\" width=\"800\" height=\"534\" src=\"https:\/\/www.esim-chemicals.com\/wp-content\/uploads\/2021\/11\/Nordlicht-OM2A6286-1024x683.jpg\" class=\"attachment-large size-large wp-image-2099\" alt=\"\" srcset=\"https:\/\/www.esim-chemicals.com\/wp-content\/uploads\/2021\/11\/Nordlicht-OM2A6286-1024x683.jpg 1024w, https:\/\/www.esim-chemicals.com\/wp-content\/uploads\/2021\/11\/Nordlicht-OM2A6286-300x200.jpg 300w, https:\/\/www.esim-chemicals.com\/wp-content\/uploads\/2021\/11\/Nordlicht-OM2A6286-768x512.jpg 768w, https:\/\/www.esim-chemicals.com\/wp-content\/uploads\/2021\/11\/Nordlicht-OM2A6286.jpg 1500w\" sizes=\"(max-width: 800px) 100vw, 800px\" \/>\t\t\t\t\t\t\t\t\t\t\t\t\t\t\t<\/div>\n\t\t\t\t<\/div>\n\t\t\t\t\t<\/div>\n\t\t<\/div>\n\t\t\t\t\t<\/div>\n\t\t<\/section>\n\t\t\t\t<section class=\"elementor-section elementor-top-section elementor-element elementor-element-15ffa40b elementor-section-boxed elementor-section-height-default elementor-section-height-default\" data-id=\"15ffa40b\" data-element_type=\"section\" data-e-type=\"section\">\n\t\t\t\t\t\t<div class=\"elementor-container elementor-column-gap-default\">\n\t\t\t\t\t<div class=\"elementor-column elementor-col-66 elementor-top-column elementor-element elementor-element-7ae4689b\" data-id=\"7ae4689b\" data-element_type=\"column\" data-e-type=\"column\">\n\t\t\t<div class=\"elementor-widget-wrap elementor-element-populated\">\n\t\t\t\t\t\t<div class=\"elementor-element elementor-element-564c292e elementor-widget elementor-widget-text-editor\" data-id=\"564c292e\" data-element_type=\"widget\" data-e-type=\"widget\" data-widget_type=\"text-editor.default\">\n\t\t\t\t<div class=\"elementor-widget-container\">\n\t\t\t\t\t\t\t\t\t<p><strong>Umwelt \/ Responsible Care \/ Nachhaltigkeit<\/strong><\/p><p><strong>Umwelt<\/strong><\/p><p>ESIM Chemicals ist nach EMAS (EG) 1221\/2009 und <b>ISO 45001<\/b> zertifiziert.<\/p><p><strong>Emissionen in die Luft<\/strong><\/p><p>ESIM Chemicals untersucht alle Produktionsgasstr\u00f6me auf m\u00f6gliche Schadstoffe. Wenn L\u00f6sungsmittel oder andere relevante Substanzen vorhanden sind, wird dieser Gasstrom behandelt, um Emissionen in die Luft zu reduzieren. Daf\u00fcr betreiben wir hochmoderne Abgasverbrennungsanlagen vor Ort. Sollte der potenzielle Schadstoff eine staubige Verbindung sein, werden Filtersysteme installiert.<\/p><p><strong>Emissionen in das Wasser<\/strong><\/p><p>Wir verwenden in unseren Produktionsanlagen verschiedene Technologien zur Reduzierung von Abwasserinhaltsstoffen wie Strippung, Extraktion, Aktivkohleanlagen. Dies passiert bevor das Abwasser in unsere biologische Kl\u00e4ranlage im Chemiepark zur weiteren Reduzierung von Stoffen und CSB (Chemischer Sauerstoffbedarf) geleitet wird. Ein wesentlicher Bestandteil unserer Bem\u00fchungen, die Auswirkungen auf die Wasserressourcen zu minimieren, ist die permanente \u00dcberwachung.<\/p><p><strong>Externer Abfall<\/strong><\/p><p>In Bezug auf Abfall ist die Reduzierung der von uns erzeugten Menge durch innovatives Prozessdesign und Recycling von Materialien unsere oberste Priorit\u00e4t. Brennbare Abf\u00e4lle, die wir erzeugen, werden verwendet, um hochmoderne Verbrennungsanlagen zu befeuern. Der dadurch erzeugte Dampf wird zum Heizen verwendet, wodurch unser Verbrauch von erd\u00f6lbasierten Brennstoffen und Erdgas reduziert wird.<\/p><p><strong>Energie<\/strong><\/p><p>Wir arbeiten kontinuierlich daran, den Verbrauch zu senken und die Produktionseffizienz der Energieerzeugung an unseren Standorten zu steigern. Unser Energiemanagementsystem ist nach EMAS und ISO 50001 zertifiziert.<\/p>\t\t\t\t\t\t\t\t<\/div>\n\t\t\t\t<\/div>\n\t\t\t\t\t<\/div>\n\t\t<\/div>\n\t\t\t\t<div class=\"elementor-column elementor-col-33 elementor-top-column elementor-element elementor-element-22ea3bc8\" data-id=\"22ea3bc8\" data-element_type=\"column\" data-e-type=\"column\">\n\t\t\t<div class=\"elementor-widget-wrap elementor-element-populated\">\n\t\t\t\t\t\t<div class=\"elementor-element elementor-element-52a67401 elementor-widget elementor-widget-image\" data-id=\"52a67401\" data-element_type=\"widget\" data-e-type=\"widget\" data-widget_type=\"image.default\">\n\t\t\t\t<div class=\"elementor-widget-container\">\n\t\t\t\t\t\t\t\t\t\t\t\t\t\t\t<img loading=\"lazy\" decoding=\"async\" width=\"683\" height=\"1024\" src=\"https:\/\/www.esim-chemicals.com\/wp-content\/uploads\/2021\/11\/Nordlicht-OM2A6151-683x1024.jpg\" class=\"attachment-large size-large wp-image-2110\" alt=\"\" srcset=\"https:\/\/www.esim-chemicals.com\/wp-content\/uploads\/2021\/11\/Nordlicht-OM2A6151-683x1024.jpg 683w, https:\/\/www.esim-chemicals.com\/wp-content\/uploads\/2021\/11\/Nordlicht-OM2A6151-200x300.jpg 200w, https:\/\/www.esim-chemicals.com\/wp-content\/uploads\/2021\/11\/Nordlicht-OM2A6151-768x1152.jpg 768w, https:\/\/www.esim-chemicals.com\/wp-content\/uploads\/2021\/11\/Nordlicht-OM2A6151.jpg 1000w\" sizes=\"(max-width: 683px) 100vw, 683px\" \/>\t\t\t\t\t\t\t\t\t\t\t\t\t\t\t<\/div>\n\t\t\t\t<\/div>\n\t\t\t\t\t<\/div>\n\t\t<\/div>\n\t\t\t\t\t<\/div>\n\t\t<\/section>\n\t\t\t\t<\/div>\n\t\t","protected":false},"excerpt":{"rendered":"<p>SHE. Safety, Health, Environment \/\/\/ SHE \u2013 Schutz von Sicherheit, Gesundheit und Umwelt ESIM Chemicals\u2122 engagiert sich stark f\u00fcr den Schutz der Sicherheit und Gesundheit ihrer und unserer Mitarbeiter. Wir arbeiten auch stetig daran, unsere Auswirkungen auf die Umwelt zu minimieren und unser Gesch\u00e4ft auf verantwortungsvolle und nachhaltige Weise zu f\u00fchren. Deshalb begr\u00fc\u00dfen wir jede [&hellip;]<\/p>\n","protected":false},"author":1,"featured_media":0,"parent":2508,"menu_order":0,"comment_status":"closed","ping_status":"closed","template":"","meta":{"footnotes":""},"class_list":["post-2511","page","type-page","status-publish","hentry"],"_links":{"self":[{"href":"https:\/\/www.esim-chemicals.com\/de\/wp-json\/wp\/v2\/pages\/2511","targetHints":{"allow":["GET"]}}],"collection":[{"href":"https:\/\/www.esim-chemicals.com\/de\/wp-json\/wp\/v2\/pages"}],"about":[{"href":"https:\/\/www.esim-chemicals.com\/de\/wp-json\/wp\/v2\/types\/page"}],"author":[{"embeddable":true,"href":"https:\/\/www.esim-chemicals.com\/de\/wp-json\/wp\/v2\/users\/1"}],"replies":[{"embeddable":true,"href":"https:\/\/www.esim-chemicals.com\/de\/wp-json\/wp\/v2\/comments?post=2511"}],"version-history":[{"count":4,"href":"https:\/\/www.esim-chemicals.com\/de\/wp-json\/wp\/v2\/pages\/2511\/revisions"}],"predecessor-version":[{"id":2662,"href":"https:\/\/www.esim-chemicals.com\/de\/wp-json\/wp\/v2\/pages\/2511\/revisions\/2662"}],"up":[{"embeddable":true,"href":"https:\/\/www.esim-chemicals.com\/de\/wp-json\/wp\/v2\/pages\/2508"}],"wp:attachment":[{"href":"https:\/\/www.esim-chemicals.com\/de\/wp-json\/wp\/v2\/media?parent=2511"}],"curies":[{"name":"wp","href":"https:\/\/api.w.org\/{rel}","templated":true}]}}