{"id":2499,"date":"2022-12-20T10:09:00","date_gmt":"2022-12-20T09:09:00","guid":{"rendered":"https:\/\/www.esim-chemicals.com\/was-wir-am-besten-koennen\/"},"modified":"2024-01-26T10:42:15","modified_gmt":"2024-01-26T09:42:15","slug":"was-wir-am-besten-koennen","status":"publish","type":"page","link":"https:\/\/www.esim-chemicals.com\/de\/kerntechnologien\/was-wir-am-besten-koennen\/","title":{"rendered":"Was wir am besten k\u00f6nnen"},"content":{"rendered":"\t\t<div data-elementor-type=\"wp-page\" data-elementor-id=\"2499\" class=\"elementor elementor-2499 elementor-239\" data-elementor-post-type=\"page\">\n\t\t\t\t\t\t<section class=\"elementor-section elementor-top-section elementor-element elementor-element-203fc50d elementor-section-full_width elementor-reverse-mobile elementor-section-height-default elementor-section-height-default\" data-id=\"203fc50d\" data-element_type=\"section\" data-e-type=\"section\" data-settings=\"{&quot;background_background&quot;:&quot;classic&quot;}\">\n\t\t\t\t\t\t\t<div class=\"elementor-background-overlay\"><\/div>\n\t\t\t\t\t\t\t<div class=\"elementor-container elementor-column-gap-default\">\n\t\t\t\t\t<div class=\"elementor-column elementor-col-100 elementor-top-column elementor-element elementor-element-7e56f5ea\" data-id=\"7e56f5ea\" data-element_type=\"column\" data-e-type=\"column\" data-settings=\"{&quot;background_background&quot;:&quot;classic&quot;}\">\n\t\t\t<div class=\"elementor-widget-wrap elementor-element-populated\">\n\t\t\t\t\t\t<div class=\"elementor-element elementor-element-dcf6e33 elementor-widget elementor-widget-heading\" data-id=\"dcf6e33\" data-element_type=\"widget\" data-e-type=\"widget\" data-widget_type=\"heading.default\">\n\t\t\t\t<div class=\"elementor-widget-container\">\n\t\t\t\t\t<h1 class=\"elementor-heading-title elementor-size-large\">Was wir am besten k\u00f6nnen.<\/h1>\t\t\t\t<\/div>\n\t\t\t\t<\/div>\n\t\t\t\t<div class=\"elementor-element elementor-element-1c468474 elementor-widget elementor-widget-text-editor\" data-id=\"1c468474\" data-element_type=\"widget\" data-e-type=\"widget\" data-widget_type=\"text-editor.default\">\n\t\t\t\t<div class=\"elementor-widget-container\">\n\t\t\t\t\t\t\t\t\t<p>Von der Hydrierung zum <span style=\"color: #ff9900;\">Spezialreagenz<\/span> \/\/\/<\/p>\n\t\t\t\t\t\t\t\t<\/div>\n\t\t\t\t<\/div>\n\t\t\t\t\t<\/div>\n\t\t<\/div>\n\t\t\t\t\t<\/div>\n\t\t<\/section>\n\t\t\t\t<section class=\"elementor-section elementor-top-section elementor-element elementor-element-2cdf46f4 elementor-section-boxed elementor-section-height-default elementor-section-height-default\" data-id=\"2cdf46f4\" data-element_type=\"section\" data-e-type=\"section\">\n\t\t\t\t\t\t<div class=\"elementor-container elementor-column-gap-default\">\n\t\t\t\t\t<div class=\"elementor-column elementor-col-66 elementor-top-column elementor-element elementor-element-6d7ff913\" data-id=\"6d7ff913\" data-element_type=\"column\" data-e-type=\"column\">\n\t\t\t<div class=\"elementor-widget-wrap elementor-element-populated\">\n\t\t\t\t\t\t<div class=\"elementor-element elementor-element-5b36bbc elementor-widget elementor-widget-accordion\" data-id=\"5b36bbc\" data-element_type=\"widget\" data-e-type=\"widget\" data-widget_type=\"accordion.default\">\n\t\t\t\t<div class=\"elementor-widget-container\">\n\t\t\t\t\t\t\t<div class=\"elementor-accordion\">\n\t\t\t\t\t\t\t<div class=\"elementor-accordion-item\">\n\t\t\t\t\t<div id=\"elementor-tab-title-9561\" class=\"elementor-tab-title\" data-tab=\"1\" role=\"button\" aria-controls=\"elementor-tab-content-9561\" aria-expanded=\"false\">\n\t\t\t\t\t\t\t\t\t\t\t\t\t<span class=\"elementor-accordion-icon elementor-accordion-icon-left\" aria-hidden=\"true\">\n\t\t\t\t\t\t\t\t\t\t\t\t\t\t\t<span class=\"elementor-accordion-icon-closed\"><i class=\"fas fa-plus\"><\/i><\/span>\n\t\t\t\t\t\t\t\t<span class=\"elementor-accordion-icon-opened\"><i class=\"fas fa-minus\"><\/i><\/span>\n\t\t\t\t\t\t\t\t\t\t\t\t\t\t<\/span>\n\t\t\t\t\t\t\t\t\t\t\t\t<a class=\"elementor-accordion-title\" tabindex=\"0\">Hydrierung<\/a>\n\t\t\t\t\t<\/div>\n\t\t\t\t\t<div id=\"elementor-tab-content-9561\" class=\"elementor-tab-content elementor-clearfix\" data-tab=\"1\" role=\"region\" aria-labelledby=\"elementor-tab-title-9561\"><p>Hydrierungen sind ertragreiche, umweltfreundliche Reduktionsreaktionen mit hoher Atom\u00f6konomie, h\u00e4ufig nahe 100 %.<\/p>\n<p>ESIM Chemicals bietet Ihnen Zugang zu einer au\u00dfergew\u00f6hnlich breiten Palette an Hydrieroptionen:<\/p>\n<ul>\n<li>Chemieparkweites Wasserstoffnetz<\/li>\n<li>Fachwissen in allen Gr\u00f6\u00dfenordnungen: kleines Labor (1 g) bis zur Produktion (10.000 to\/Jahr)<\/li>\n<li>Wahl der Reaktionssysteme:\n<ul>\n<li>Hydrierung in L\u00f6sung auch in korrosiven Medien,<\/li>\n<li>l\u00f6semittelfreie Hydrierung,<\/li>\n<li>heterogene oder homogene Katalyse<\/li>\n<\/ul>\n<\/li>\n<\/ul>\n<\/div>\n\t\t\t\t<\/div>\n\t\t\t\t\t\t\t<div class=\"elementor-accordion-item\">\n\t\t\t\t\t<div id=\"elementor-tab-title-9562\" class=\"elementor-tab-title\" data-tab=\"2\" role=\"button\" aria-controls=\"elementor-tab-content-9562\" aria-expanded=\"false\">\n\t\t\t\t\t\t\t\t\t\t\t\t\t<span class=\"elementor-accordion-icon elementor-accordion-icon-left\" aria-hidden=\"true\">\n\t\t\t\t\t\t\t\t\t\t\t\t\t\t\t<span class=\"elementor-accordion-icon-closed\"><i class=\"fas fa-plus\"><\/i><\/span>\n\t\t\t\t\t\t\t\t<span class=\"elementor-accordion-icon-opened\"><i class=\"fas fa-minus\"><\/i><\/span>\n\t\t\t\t\t\t\t\t\t\t\t\t\t\t<\/span>\n\t\t\t\t\t\t\t\t\t\t\t\t<a class=\"elementor-accordion-title\" tabindex=\"0\">Kondensations- und Additionsreaktionen<\/a>\n\t\t\t\t\t<\/div>\n\t\t\t\t\t<div id=\"elementor-tab-content-9562\" class=\"elementor-tab-content elementor-clearfix\" data-tab=\"2\" role=\"region\" aria-labelledby=\"elementor-tab-title-9562\"><div><span lang=\"EN-US\">ESIM Chemicals verf\u00fcgt \u00fcber eine umfangreiche Erfahrung mit Kondensationsreaktionen im gro\u00dfen Ma\u00dfstab\/hohen Volumen \u2013 von einfachen Veresterungsreaktionen bis hin zu selektiven Additionen \u2013 sowie Ringschlussreaktionen an bestimmten Positionen verschiedener Carbonylverbindungen.<\/span><\/div><\/div>\n\t\t\t\t<\/div>\n\t\t\t\t\t\t\t<div class=\"elementor-accordion-item\">\n\t\t\t\t\t<div id=\"elementor-tab-title-9563\" class=\"elementor-tab-title\" data-tab=\"3\" role=\"button\" aria-controls=\"elementor-tab-content-9563\" aria-expanded=\"false\">\n\t\t\t\t\t\t\t\t\t\t\t\t\t<span class=\"elementor-accordion-icon elementor-accordion-icon-left\" aria-hidden=\"true\">\n\t\t\t\t\t\t\t\t\t\t\t\t\t\t\t<span class=\"elementor-accordion-icon-closed\"><i class=\"fas fa-plus\"><\/i><\/span>\n\t\t\t\t\t\t\t\t<span class=\"elementor-accordion-icon-opened\"><i class=\"fas fa-minus\"><\/i><\/span>\n\t\t\t\t\t\t\t\t\t\t\t\t\t\t<\/span>\n\t\t\t\t\t\t\t\t\t\t\t\t<a class=\"elementor-accordion-title\" tabindex=\"0\">Halogenierung<\/a>\n\t\t\t\t\t<\/div>\n\t\t\t\t\t<div id=\"elementor-tab-content-9563\" class=\"elementor-tab-content elementor-clearfix\" data-tab=\"3\" role=\"region\" aria-labelledby=\"elementor-tab-title-9563\"><div><span lang=\"EN-US\">ESIM Chemicals ist kein Experte f\u00fcr die Halogenierung von Massenprodukten, sondern konzentriert sich auf die Durchf\u00fchrung von Halogenierungsreaktionen f\u00fcr fortgeschrittene Produkte oder als Teil eines mehrstufigen Syntheseprojekts.<\/span><\/div>\n<div> <\/div>\n<ul>\n<li>Jod-\/ Brom-\/ Chlorchemie<\/li>\n<li>Verwendung von PCl<sub>3<\/sub> und Thionylchlorid als Reaktionspartner<\/li>\n<\/ul>\n<\/div>\n\t\t\t\t<\/div>\n\t\t\t\t\t\t\t<div class=\"elementor-accordion-item\">\n\t\t\t\t\t<div id=\"elementor-tab-title-9564\" class=\"elementor-tab-title\" data-tab=\"4\" role=\"button\" aria-controls=\"elementor-tab-content-9564\" aria-expanded=\"false\">\n\t\t\t\t\t\t\t\t\t\t\t\t\t<span class=\"elementor-accordion-icon elementor-accordion-icon-left\" aria-hidden=\"true\">\n\t\t\t\t\t\t\t\t\t\t\t\t\t\t\t<span class=\"elementor-accordion-icon-closed\"><i class=\"fas fa-plus\"><\/i><\/span>\n\t\t\t\t\t\t\t\t<span class=\"elementor-accordion-icon-opened\"><i class=\"fas fa-minus\"><\/i><\/span>\n\t\t\t\t\t\t\t\t\t\t\t\t\t\t<\/span>\n\t\t\t\t\t\t\t\t\t\t\t\t<a class=\"elementor-accordion-title\" tabindex=\"0\">Spezielle Reagenzien<\/a>\n\t\t\t\t\t<\/div>\n\t\t\t\t\t<div id=\"elementor-tab-content-9564\" class=\"elementor-tab-content elementor-clearfix\" data-tab=\"4\" role=\"region\" aria-labelledby=\"elementor-tab-title-9564\"><p>ESIM Chemicals verf\u00fcgt \u00fcber eine Reihe von Spezialreagenzien, die wie folgt angewendet werden<\/p>\n<\/p>\n<ul>\n<li>Oxime und Hydrazide<\/li>\n<li>Thioalkohole und Ether<\/li>\n<li>Wittig-Reaktionen (auch mit Acetaldehyd)<\/li>\n<li>Diazoniumchemie<\/li>\n<\/ul>\n<p>Zus\u00e4tzlich zu diesen Beispielen ist ESIM stets bestrebt, seine technische Toolbox im Einklang mit neuen kundenspezifischen Fertigungsm\u00f6glichkeiten zu erweitern \u2013 Fragen sie einfach nach&#8230;<\/p>\n<\/div>\n\t\t\t\t<\/div>\n\t\t\t\t\t\t\t\t<\/div>\n\t\t\t\t\t\t<\/div>\n\t\t\t\t<\/div>\n\t\t\t\t\t<\/div>\n\t\t<\/div>\n\t\t\t\t<div class=\"elementor-column elementor-col-33 elementor-top-column elementor-element elementor-element-44f89021\" data-id=\"44f89021\" data-element_type=\"column\" data-e-type=\"column\">\n\t\t\t<div class=\"elementor-widget-wrap elementor-element-populated\">\n\t\t\t\t\t\t<div class=\"elementor-element elementor-element-3fca4bc elementor-widget elementor-widget-gallery\" data-id=\"3fca4bc\" data-element_type=\"widget\" data-e-type=\"widget\" data-settings=\"{&quot;gallery_layout&quot;:&quot;justified&quot;,&quot;ideal_row_height&quot;:{&quot;unit&quot;:&quot;px&quot;,&quot;size&quot;:142,&quot;sizes&quot;:[]},&quot;gap&quot;:{&quot;unit&quot;:&quot;px&quot;,&quot;size&quot;:2,&quot;sizes&quot;:[]},&quot;background_overlay_hover_animation&quot;:&quot;exit-zoom-out&quot;,&quot;lazyload&quot;:&quot;yes&quot;,&quot;ideal_row_height_tablet&quot;:{&quot;unit&quot;:&quot;px&quot;,&quot;size&quot;:150,&quot;sizes&quot;:[]},&quot;ideal_row_height_mobile&quot;:{&quot;unit&quot;:&quot;px&quot;,&quot;size&quot;:150,&quot;sizes&quot;:[]},&quot;gap_tablet&quot;:{&quot;unit&quot;:&quot;px&quot;,&quot;size&quot;:10,&quot;sizes&quot;:[]},&quot;gap_mobile&quot;:{&quot;unit&quot;:&quot;px&quot;,&quot;size&quot;:10,&quot;sizes&quot;:[]},&quot;link_to&quot;:&quot;file&quot;,&quot;overlay_background&quot;:&quot;yes&quot;,&quot;content_hover_animation&quot;:&quot;fade-in&quot;}\" data-widget_type=\"gallery.default\">\n\t\t\t\t<div class=\"elementor-widget-container\">\n\t\t\t\t\t\t\t<div class=\"elementor-gallery__container\">\n\t\t\t\t\t\t\t<a class=\"e-gallery-item elementor-gallery-item elementor-animated-content\" href=\"https:\/\/www.esim-chemicals.com\/wp-content\/uploads\/2021\/11\/Nordlicht-OM2A6754.jpg\" data-elementor-open-lightbox=\"yes\" data-elementor-lightbox-slideshow=\"3fca4bc\" data-elementor-lightbox-title=\"Nordlicht-OM2A6754\" data-e-action-hash=\"#elementor-action%3Aaction%3Dlightbox%26settings%3DeyJpZCI6MjAzOSwidXJsIjoiaHR0cHM6XC9cL3d3dy5lc2ltLWNoZW1pY2Fscy5jb21cL3dwLWNvbnRlbnRcL3VwbG9hZHNcLzIwMjFcLzExXC9Ob3JkbGljaHQtT00yQTY3NTQuanBnIiwic2xpZGVzaG93IjoiM2ZjYTRiYyJ9\">\n\t\t\t\t\t<div class=\"e-gallery-image elementor-gallery-item__image\" data-thumbnail=\"https:\/\/www.esim-chemicals.com\/wp-content\/uploads\/2021\/11\/Nordlicht-OM2A6754-200x300.jpg\" data-width=\"200\" data-height=\"300\" aria-label=\"\" role=\"img\" ><\/div>\n\t\t\t\t\t\t\t\t\t\t\t<div class=\"elementor-gallery-item__overlay\"><\/div>\n\t\t\t\t\t\t\t\t\t\t\t\t\t\t<\/a>\n\t\t\t\t\t\t\t<a class=\"e-gallery-item elementor-gallery-item elementor-animated-content\" href=\"https:\/\/www.esim-chemicals.com\/wp-content\/uploads\/2021\/11\/Nordlicht-OM2A6222.jpg\" data-elementor-open-lightbox=\"yes\" data-elementor-lightbox-slideshow=\"3fca4bc\" data-elementor-lightbox-title=\"Nordlicht-OM2A6222\" data-e-action-hash=\"#elementor-action%3Aaction%3Dlightbox%26settings%3DeyJpZCI6MjEwMiwidXJsIjoiaHR0cHM6XC9cL3d3dy5lc2ltLWNoZW1pY2Fscy5jb21cL3dwLWNvbnRlbnRcL3VwbG9hZHNcLzIwMjFcLzExXC9Ob3JkbGljaHQtT00yQTYyMjIuanBnIiwic2xpZGVzaG93IjoiM2ZjYTRiYyJ9\">\n\t\t\t\t\t<div class=\"e-gallery-image elementor-gallery-item__image\" data-thumbnail=\"https:\/\/www.esim-chemicals.com\/wp-content\/uploads\/2021\/11\/Nordlicht-OM2A6222-300x200.jpg\" data-width=\"300\" data-height=\"200\" aria-label=\"\" role=\"img\" ><\/div>\n\t\t\t\t\t\t\t\t\t\t\t<div class=\"elementor-gallery-item__overlay\"><\/div>\n\t\t\t\t\t\t\t\t\t\t\t\t\t\t<\/a>\n\t\t\t\t\t\t\t<a class=\"e-gallery-item elementor-gallery-item elementor-animated-content\" href=\"https:\/\/www.esim-chemicals.com\/wp-content\/uploads\/2021\/11\/Nordlicht-OM2A6690.jpg\" data-elementor-open-lightbox=\"yes\" data-elementor-lightbox-slideshow=\"3fca4bc\" data-elementor-lightbox-title=\"Nordlicht-OM2A6690\" data-e-action-hash=\"#elementor-action%3Aaction%3Dlightbox%26settings%3DeyJpZCI6MjA1MSwidXJsIjoiaHR0cHM6XC9cL3d3dy5lc2ltLWNoZW1pY2Fscy5jb21cL3dwLWNvbnRlbnRcL3VwbG9hZHNcLzIwMjFcLzExXC9Ob3JkbGljaHQtT00yQTY2OTAuanBnIiwic2xpZGVzaG93IjoiM2ZjYTRiYyJ9\">\n\t\t\t\t\t<div class=\"e-gallery-image elementor-gallery-item__image\" data-thumbnail=\"https:\/\/www.esim-chemicals.com\/wp-content\/uploads\/2021\/11\/Nordlicht-OM2A6690-300x200.jpg\" data-width=\"300\" data-height=\"200\" aria-label=\"\" role=\"img\" ><\/div>\n\t\t\t\t\t\t\t\t\t\t\t<div class=\"elementor-gallery-item__overlay\"><\/div>\n\t\t\t\t\t\t\t\t\t\t\t\t\t\t<\/a>\n\t\t\t\t\t\t\t<a class=\"e-gallery-item elementor-gallery-item elementor-animated-content\" href=\"https:\/\/www.esim-chemicals.com\/wp-content\/uploads\/2021\/11\/Nordlicht-OM2A6145-1.jpg\" data-elementor-open-lightbox=\"yes\" data-elementor-lightbox-slideshow=\"3fca4bc\" data-elementor-lightbox-title=\"Nordlicht-OM2A6145\" data-e-action-hash=\"#elementor-action%3Aaction%3Dlightbox%26settings%3DeyJpZCI6MjEzNSwidXJsIjoiaHR0cHM6XC9cL3d3dy5lc2ltLWNoZW1pY2Fscy5jb21cL3dwLWNvbnRlbnRcL3VwbG9hZHNcLzIwMjFcLzExXC9Ob3JkbGljaHQtT00yQTYxNDUtMS5qcGciLCJzbGlkZXNob3ciOiIzZmNhNGJjIn0%3D\">\n\t\t\t\t\t<div class=\"e-gallery-image elementor-gallery-item__image\" data-thumbnail=\"https:\/\/www.esim-chemicals.com\/wp-content\/uploads\/2021\/11\/Nordlicht-OM2A6145-1-300x200.jpg\" data-width=\"300\" data-height=\"200\" aria-label=\"\" role=\"img\" ><\/div>\n\t\t\t\t\t\t\t\t\t\t\t<div class=\"elementor-gallery-item__overlay\"><\/div>\n\t\t\t\t\t\t\t\t\t\t\t\t\t\t<\/a>\n\t\t\t\t\t\t\t<a class=\"e-gallery-item elementor-gallery-item elementor-animated-content\" href=\"https:\/\/www.esim-chemicals.com\/wp-content\/uploads\/2021\/11\/Nordlicht-OM2A6392-1.jpg\" data-elementor-open-lightbox=\"yes\" data-elementor-lightbox-slideshow=\"3fca4bc\" data-elementor-lightbox-title=\"Nordlicht-OM2A6392\" data-e-action-hash=\"#elementor-action%3Aaction%3Dlightbox%26settings%3DeyJpZCI6MjEyNSwidXJsIjoiaHR0cHM6XC9cL3d3dy5lc2ltLWNoZW1pY2Fscy5jb21cL3dwLWNvbnRlbnRcL3VwbG9hZHNcLzIwMjFcLzExXC9Ob3JkbGljaHQtT00yQTYzOTItMS5qcGciLCJzbGlkZXNob3ciOiIzZmNhNGJjIn0%3D\">\n\t\t\t\t\t<div class=\"e-gallery-image elementor-gallery-item__image\" data-thumbnail=\"https:\/\/www.esim-chemicals.com\/wp-content\/uploads\/2021\/11\/Nordlicht-OM2A6392-1-300x200.jpg\" data-width=\"300\" data-height=\"200\" aria-label=\"\" role=\"img\" ><\/div>\n\t\t\t\t\t\t\t\t\t\t\t<div class=\"elementor-gallery-item__overlay\"><\/div>\n\t\t\t\t\t\t\t\t\t\t\t\t\t\t<\/a>\n\t\t\t\t\t\t\t<a class=\"e-gallery-item elementor-gallery-item elementor-animated-content\" href=\"https:\/\/www.esim-chemicals.com\/wp-content\/uploads\/2021\/11\/Nordlicht-OM2A6665.jpg\" data-elementor-open-lightbox=\"yes\" data-elementor-lightbox-slideshow=\"3fca4bc\" data-elementor-lightbox-title=\"Nordlicht-OM2A6665\" data-e-action-hash=\"#elementor-action%3Aaction%3Dlightbox%26settings%3DeyJpZCI6MjA1NywidXJsIjoiaHR0cHM6XC9cL3d3dy5lc2ltLWNoZW1pY2Fscy5jb21cL3dwLWNvbnRlbnRcL3VwbG9hZHNcLzIwMjFcLzExXC9Ob3JkbGljaHQtT00yQTY2NjUuanBnIiwic2xpZGVzaG93IjoiM2ZjYTRiYyJ9\">\n\t\t\t\t\t<div class=\"e-gallery-image elementor-gallery-item__image\" data-thumbnail=\"https:\/\/www.esim-chemicals.com\/wp-content\/uploads\/2021\/11\/Nordlicht-OM2A6665-300x200.jpg\" data-width=\"300\" data-height=\"200\" aria-label=\"\" role=\"img\" ><\/div>\n\t\t\t\t\t\t\t\t\t\t\t<div class=\"elementor-gallery-item__overlay\"><\/div>\n\t\t\t\t\t\t\t\t\t\t\t\t\t\t<\/a>\n\t\t\t\t\t\t\t<a class=\"e-gallery-item elementor-gallery-item elementor-animated-content\" href=\"https:\/\/www.esim-chemicals.com\/wp-content\/uploads\/2021\/11\/Nordlicht-OM2A6729.jpg\" data-elementor-open-lightbox=\"yes\" data-elementor-lightbox-slideshow=\"3fca4bc\" data-elementor-lightbox-title=\"Nordlicht-OM2A6729\" data-e-action-hash=\"#elementor-action%3Aaction%3Dlightbox%26settings%3DeyJpZCI6MjA0NiwidXJsIjoiaHR0cHM6XC9cL3d3dy5lc2ltLWNoZW1pY2Fscy5jb21cL3dwLWNvbnRlbnRcL3VwbG9hZHNcLzIwMjFcLzExXC9Ob3JkbGljaHQtT00yQTY3MjkuanBnIiwic2xpZGVzaG93IjoiM2ZjYTRiYyJ9\">\n\t\t\t\t\t<div class=\"e-gallery-image elementor-gallery-item__image\" data-thumbnail=\"https:\/\/www.esim-chemicals.com\/wp-content\/uploads\/2021\/11\/Nordlicht-OM2A6729-300x200.jpg\" data-width=\"300\" data-height=\"200\" aria-label=\"\" role=\"img\" ><\/div>\n\t\t\t\t\t\t\t\t\t\t\t<div class=\"elementor-gallery-item__overlay\"><\/div>\n\t\t\t\t\t\t\t\t\t\t\t\t\t\t<\/a>\n\t\t\t\t\t\t\t<a class=\"e-gallery-item elementor-gallery-item elementor-animated-content\" href=\"https:\/\/www.esim-chemicals.com\/wp-content\/uploads\/2021\/11\/Nordlicht-OM2A6410.jpg\" data-elementor-open-lightbox=\"yes\" data-elementor-lightbox-slideshow=\"3fca4bc\" data-elementor-lightbox-title=\"Nordlicht-OM2A6410\" data-e-action-hash=\"#elementor-action%3Aaction%3Dlightbox%26settings%3DeyJpZCI6MjA4NiwidXJsIjoiaHR0cHM6XC9cL3d3dy5lc2ltLWNoZW1pY2Fscy5jb21cL3dwLWNvbnRlbnRcL3VwbG9hZHNcLzIwMjFcLzExXC9Ob3JkbGljaHQtT00yQTY0MTAuanBnIiwic2xpZGVzaG93IjoiM2ZjYTRiYyJ9\">\n\t\t\t\t\t<div class=\"e-gallery-image elementor-gallery-item__image\" data-thumbnail=\"https:\/\/www.esim-chemicals.com\/wp-content\/uploads\/2021\/11\/Nordlicht-OM2A6410-200x300.jpg\" data-width=\"200\" data-height=\"300\" aria-label=\"\" role=\"img\" ><\/div>\n\t\t\t\t\t\t\t\t\t\t\t<div class=\"elementor-gallery-item__overlay\"><\/div>\n\t\t\t\t\t\t\t\t\t\t\t\t\t\t<\/a>\n\t\t\t\t\t<\/div>\n\t\t\t\t\t<\/div>\n\t\t\t\t<\/div>\n\t\t\t\t\t<\/div>\n\t\t<\/div>\n\t\t\t\t\t<\/div>\n\t\t<\/section>\n\t\t\t\t<\/div>\n\t\t","protected":false},"excerpt":{"rendered":"<p>Was wir am besten k\u00f6nnen. Von der Hydrierung zum Spezialreagenz \/\/\/ Hydrierung Hydrierungen sind ertragreiche, umweltfreundliche Reduktionsreaktionen mit hoher Atom\u00f6konomie, h\u00e4ufig nahe 100 %. ESIM Chemicals bietet Ihnen Zugang zu einer au\u00dfergew\u00f6hnlich breiten Palette an Hydrieroptionen: Chemieparkweites Wasserstoffnetz Fachwissen in allen Gr\u00f6\u00dfenordnungen: kleines Labor (1 g) bis zur Produktion (10.000 to\/Jahr) Wahl der Reaktionssysteme: Hydrierung [&hellip;]<\/p>\n","protected":false},"author":1,"featured_media":0,"parent":2502,"menu_order":0,"comment_status":"closed","ping_status":"closed","template":"","meta":{"footnotes":""},"class_list":["post-2499","page","type-page","status-publish","hentry"],"_links":{"self":[{"href":"https:\/\/www.esim-chemicals.com\/de\/wp-json\/wp\/v2\/pages\/2499","targetHints":{"allow":["GET"]}}],"collection":[{"href":"https:\/\/www.esim-chemicals.com\/de\/wp-json\/wp\/v2\/pages"}],"about":[{"href":"https:\/\/www.esim-chemicals.com\/de\/wp-json\/wp\/v2\/types\/page"}],"author":[{"embeddable":true,"href":"https:\/\/www.esim-chemicals.com\/de\/wp-json\/wp\/v2\/users\/1"}],"replies":[{"embeddable":true,"href":"https:\/\/www.esim-chemicals.com\/de\/wp-json\/wp\/v2\/comments?post=2499"}],"version-history":[{"count":6,"href":"https:\/\/www.esim-chemicals.com\/de\/wp-json\/wp\/v2\/pages\/2499\/revisions"}],"predecessor-version":[{"id":2659,"href":"https:\/\/www.esim-chemicals.com\/de\/wp-json\/wp\/v2\/pages\/2499\/revisions\/2659"}],"up":[{"embeddable":true,"href":"https:\/\/www.esim-chemicals.com\/de\/wp-json\/wp\/v2\/pages\/2502"}],"wp:attachment":[{"href":"https:\/\/www.esim-chemicals.com\/de\/wp-json\/wp\/v2\/media?parent=2499"}],"curies":[{"name":"wp","href":"https:\/\/api.w.org\/{rel}","templated":true}]}}