{"id":2490,"date":"2022-12-20T10:08:58","date_gmt":"2022-12-20T09:08:58","guid":{"rendered":"https:\/\/www.esim-chemicals.com\/wir-materialisieren-ihre-ideen\/"},"modified":"2022-12-20T11:50:21","modified_gmt":"2022-12-20T10:50:21","slug":"wir-materialisieren-ihre-ideen","status":"publish","type":"page","link":"https:\/\/www.esim-chemicals.com\/de\/kerntechnologien\/wir-materialisieren-ihre-ideen\/","title":{"rendered":"Wir materialisieren Ihre Ideen&#8230;"},"content":{"rendered":"\t\t<div data-elementor-type=\"wp-page\" data-elementor-id=\"2490\" class=\"elementor elementor-2490 elementor-295\" data-elementor-post-type=\"page\">\n\t\t\t\t\t\t<section class=\"elementor-section elementor-top-section elementor-element elementor-element-203fc50d elementor-section-full_width elementor-reverse-mobile elementor-section-height-default elementor-section-height-default\" data-id=\"203fc50d\" data-element_type=\"section\" data-e-type=\"section\" data-settings=\"{&quot;background_background&quot;:&quot;classic&quot;}\">\n\t\t\t\t\t\t\t<div class=\"elementor-background-overlay\"><\/div>\n\t\t\t\t\t\t\t<div class=\"elementor-container elementor-column-gap-default\">\n\t\t\t\t\t<div class=\"elementor-column elementor-col-100 elementor-top-column elementor-element elementor-element-7e56f5ea\" data-id=\"7e56f5ea\" data-element_type=\"column\" data-e-type=\"column\" data-settings=\"{&quot;background_background&quot;:&quot;classic&quot;}\">\n\t\t\t<div class=\"elementor-widget-wrap elementor-element-populated\">\n\t\t\t\t\t\t<div class=\"elementor-element elementor-element-dcf6e33 elementor-widget elementor-widget-heading\" data-id=\"dcf6e33\" data-element_type=\"widget\" data-e-type=\"widget\" data-widget_type=\"heading.default\">\n\t\t\t\t<div class=\"elementor-widget-container\">\n\t\t\t\t\t<h1 class=\"elementor-heading-title elementor-size-large\">Wir materialisieren Ihre Ideen...<\/h1>\t\t\t\t<\/div>\n\t\t\t\t<\/div>\n\t\t\t\t<div class=\"elementor-element elementor-element-1c468474 elementor-widget elementor-widget-text-editor\" data-id=\"1c468474\" data-element_type=\"widget\" data-e-type=\"widget\" data-widget_type=\"text-editor.default\">\n\t\t\t\t<div class=\"elementor-widget-container\">\n\t\t\t\t\t\t\t\t\t<p>Unser Engagement f\u00fcr unsere <span style=\"color: #ff9900;\">Kunden<\/span> \/\/\/<\/p>\n\t\t\t\t\t\t\t\t<\/div>\n\t\t\t\t<\/div>\n\t\t\t\t\t<\/div>\n\t\t<\/div>\n\t\t\t\t\t<\/div>\n\t\t<\/section>\n\t\t\t\t<section class=\"elementor-section elementor-top-section elementor-element elementor-element-4e90a07 elementor-section-boxed elementor-section-height-default elementor-section-height-default\" data-id=\"4e90a07\" data-element_type=\"section\" data-e-type=\"section\">\n\t\t\t\t\t\t<div class=\"elementor-container elementor-column-gap-default\">\n\t\t\t\t\t<div class=\"elementor-column elementor-col-66 elementor-top-column elementor-element elementor-element-547019a4\" data-id=\"547019a4\" data-element_type=\"column\" data-e-type=\"column\">\n\t\t\t<div class=\"elementor-widget-wrap elementor-element-populated\">\n\t\t\t\t\t\t<div class=\"elementor-element elementor-element-26c3582d elementor-widget elementor-widget-text-editor\" data-id=\"26c3582d\" data-element_type=\"widget\" data-e-type=\"widget\" data-widget_type=\"text-editor.default\">\n\t\t\t\t<div class=\"elementor-widget-container\">\n\t\t\t\t\t\t\t\t\t<p>Durch das st\u00e4ndige Streben nach Wissen und dem \u00dcberdenken von Verfahrensans\u00e4tzen mit einem starken Fokus auf <strong>Operational Excellence<\/strong> halten wir unsere Kunden an der Spitze ihrer Branche.<\/p>\n<\/p>\n<p>Mit einem einzigen Partner bietet ESIM Chemicals ein breites Spektrum an technischen F\u00e4higkeiten zur Realisierung komplexer mehrstufiger Syntheseprozesse.<\/p>\n<\/p>\n<p>Unsere Projektmanagementleistung informiert, kontrolliert und h\u00e4lt Ihr Projekt in Einklang mit den sich entwickelnden Anforderungen.<\/p>\n<\/p>\n<p>Ob Sie einen bestehenden Prozess \u00fcbertragen oder die Industrialisierung neuer Technologien anstreben, in ESIM Chemicals finden Sie einen engagierten Partner. Wir nehmen uns die Zeit, Ihre Herausforderungen und M\u00f6glichkeiten zu verstehen, klar zu kommunizieren und Ihnen Zugang zu den technischen F\u00e4higkeiten zu verschaffen, die Sie f\u00fcr Ihren Erfolg ben\u00f6tigen.<\/p>\n\t\t\t\t\t\t\t\t<\/div>\n\t\t\t\t<\/div>\n\t\t\t\t\t<\/div>\n\t\t<\/div>\n\t\t\t\t<div class=\"elementor-column elementor-col-33 elementor-top-column elementor-element elementor-element-22fba204\" data-id=\"22fba204\" data-element_type=\"column\" data-e-type=\"column\" data-settings=\"{&quot;background_background&quot;:&quot;classic&quot;}\">\n\t\t\t<div class=\"elementor-widget-wrap elementor-element-populated\">\n\t\t\t\t\t\t<div class=\"elementor-element elementor-element-50ae8bb4 elementor-widget elementor-widget-image\" data-id=\"50ae8bb4\" data-element_type=\"widget\" data-e-type=\"widget\" data-widget_type=\"image.default\">\n\t\t\t\t<div class=\"elementor-widget-container\">\n\t\t\t\t\t\t\t\t\t\t\t\t\t\t\t<img fetchpriority=\"high\" decoding=\"async\" width=\"768\" height=\"512\" src=\"https:\/\/www.esim-chemicals.com\/wp-content\/uploads\/2021\/11\/Nordlicht-OM2A6495-768x512.jpg\" class=\"attachment-medium_large size-medium_large wp-image-2079\" alt=\"\" srcset=\"https:\/\/www.esim-chemicals.com\/wp-content\/uploads\/2021\/11\/Nordlicht-OM2A6495-768x512.jpg 768w, https:\/\/www.esim-chemicals.com\/wp-content\/uploads\/2021\/11\/Nordlicht-OM2A6495-300x200.jpg 300w, https:\/\/www.esim-chemicals.com\/wp-content\/uploads\/2021\/11\/Nordlicht-OM2A6495-1024x683.jpg 1024w, https:\/\/www.esim-chemicals.com\/wp-content\/uploads\/2021\/11\/Nordlicht-OM2A6495.jpg 1500w\" sizes=\"(max-width: 768px) 100vw, 768px\" \/>\t\t\t\t\t\t\t\t\t\t\t\t\t\t\t<\/div>\n\t\t\t\t<\/div>\n\t\t\t\t\t<\/div>\n\t\t<\/div>\n\t\t\t\t\t<\/div>\n\t\t<\/section>\n\t\t\t\t<\/div>\n\t\t","protected":false},"excerpt":{"rendered":"<p>Wir materialisieren Ihre Ideen&#8230; Unser Engagement f\u00fcr unsere Kunden \/\/\/ Durch das st\u00e4ndige Streben nach Wissen und dem \u00dcberdenken von Verfahrensans\u00e4tzen mit einem starken Fokus auf Operational Excellence halten wir unsere Kunden an der Spitze ihrer Branche. Mit einem einzigen Partner bietet ESIM Chemicals ein breites Spektrum an technischen F\u00e4higkeiten zur Realisierung komplexer mehrstufiger Syntheseprozesse. [&hellip;]<\/p>\n","protected":false},"author":1,"featured_media":0,"parent":2502,"menu_order":0,"comment_status":"closed","ping_status":"closed","template":"","meta":{"footnotes":""},"class_list":["post-2490","page","type-page","status-publish","hentry"],"_links":{"self":[{"href":"https:\/\/www.esim-chemicals.com\/de\/wp-json\/wp\/v2\/pages\/2490","targetHints":{"allow":["GET"]}}],"collection":[{"href":"https:\/\/www.esim-chemicals.com\/de\/wp-json\/wp\/v2\/pages"}],"about":[{"href":"https:\/\/www.esim-chemicals.com\/de\/wp-json\/wp\/v2\/types\/page"}],"author":[{"embeddable":true,"href":"https:\/\/www.esim-chemicals.com\/de\/wp-json\/wp\/v2\/users\/1"}],"replies":[{"embeddable":true,"href":"https:\/\/www.esim-chemicals.com\/de\/wp-json\/wp\/v2\/comments?post=2490"}],"version-history":[{"count":3,"href":"https:\/\/www.esim-chemicals.com\/de\/wp-json\/wp\/v2\/pages\/2490\/revisions"}],"predecessor-version":[{"id":2600,"href":"https:\/\/www.esim-chemicals.com\/de\/wp-json\/wp\/v2\/pages\/2490\/revisions\/2600"}],"up":[{"embeddable":true,"href":"https:\/\/www.esim-chemicals.com\/de\/wp-json\/wp\/v2\/pages\/2502"}],"wp:attachment":[{"href":"https:\/\/www.esim-chemicals.com\/de\/wp-json\/wp\/v2\/media?parent=2490"}],"curies":[{"name":"wp","href":"https:\/\/api.w.org\/{rel}","templated":true}]}}