{"id":2279,"date":"2022-07-30T01:50:56","date_gmt":"2022-07-29T23:50:56","guid":{"rendered":"https:\/\/www.esim-chemicals.com\/reach\/"},"modified":"2025-02-04T17:10:18","modified_gmt":"2025-02-04T16:10:18","slug":"reach","status":"publish","type":"page","link":"https:\/\/www.esim-chemicals.com\/de\/qualitaet-she\/reach\/","title":{"rendered":"REACH"},"content":{"rendered":"\t\t<div data-elementor-type=\"wp-page\" data-elementor-id=\"2279\" class=\"elementor elementor-2279 elementor-302\" data-elementor-post-type=\"page\">\n\t\t\t\t\t\t<section class=\"elementor-section elementor-top-section elementor-element elementor-element-203fc50d elementor-section-full_width elementor-reverse-mobile elementor-section-height-default elementor-section-height-default\" data-id=\"203fc50d\" data-element_type=\"section\" data-e-type=\"section\" data-settings=\"{&quot;background_background&quot;:&quot;classic&quot;}\">\n\t\t\t\t\t\t\t<div class=\"elementor-background-overlay\"><\/div>\n\t\t\t\t\t\t\t<div class=\"elementor-container elementor-column-gap-default\">\n\t\t\t\t\t<div class=\"elementor-column elementor-col-100 elementor-top-column elementor-element elementor-element-7e56f5ea\" data-id=\"7e56f5ea\" data-element_type=\"column\" data-e-type=\"column\" data-settings=\"{&quot;background_background&quot;:&quot;classic&quot;}\">\n\t\t\t<div class=\"elementor-widget-wrap elementor-element-populated\">\n\t\t\t\t\t\t<div class=\"elementor-element elementor-element-dcf6e33 elementor-widget elementor-widget-heading\" data-id=\"dcf6e33\" data-element_type=\"widget\" data-e-type=\"widget\" data-widget_type=\"heading.default\">\n\t\t\t\t<div class=\"elementor-widget-container\">\n\t\t\t\t\t<h1 class=\"elementor-heading-title elementor-size-large\">REACH.<\/h1>\t\t\t\t<\/div>\n\t\t\t\t<\/div>\n\t\t\t\t<div class=\"elementor-element elementor-element-1c468474 elementor-widget elementor-widget-text-editor\" data-id=\"1c468474\" data-element_type=\"widget\" data-e-type=\"widget\" data-widget_type=\"text-editor.default\">\n\t\t\t\t<div class=\"elementor-widget-container\">\n\t\t\t\t\t\t\t\t\t<p>Erfahren Sie mehr \u00fcber unser <span style=\"color: #ff9900;\">REACH-Programm<\/span> \/\/\/<\/p>\n\t\t\t\t\t\t\t\t<\/div>\n\t\t\t\t<\/div>\n\t\t\t\t\t<\/div>\n\t\t<\/div>\n\t\t\t\t\t<\/div>\n\t\t<\/section>\n\t\t\t\t<section class=\"elementor-section elementor-top-section elementor-element elementor-element-4b415a8d elementor-section-boxed elementor-section-height-default elementor-section-height-default\" data-id=\"4b415a8d\" data-element_type=\"section\" data-e-type=\"section\">\n\t\t\t\t\t\t<div class=\"elementor-container elementor-column-gap-default\">\n\t\t\t\t\t<div class=\"elementor-column elementor-col-66 elementor-top-column elementor-element elementor-element-fa65b41\" data-id=\"fa65b41\" data-element_type=\"column\" data-e-type=\"column\">\n\t\t\t<div class=\"elementor-widget-wrap elementor-element-populated\">\n\t\t\t\t\t\t<div class=\"elementor-element elementor-element-14503b16 elementor-widget elementor-widget-text-editor\" data-id=\"14503b16\" data-element_type=\"widget\" data-e-type=\"widget\" data-widget_type=\"text-editor.default\">\n\t\t\t\t<div class=\"elementor-widget-container\">\n\t\t\t\t\t\t\t\t\t<p><strong>REACH \u2013 ein starker Bestandteil unserer Corporate Social Responsibility<\/strong><\/p>\n<ul>\n<li>REACH steht f\u00fcr Registration, Evaluation and Authorisation von Chemikalien<\/li>\n<li>REACH ist die weltweit erste umfassende Regulierung synthetischer Chemikalien.<\/li>\n<li>REACH sch\u00fctzt vor Gesundheits- und Umweltrisiken und dient weltweit als Vorbild f\u00fcr die Chemikaliengesetzgebung.<\/li>\n<\/ul>\n<div> <\/div>\n<p>ESIM Chemicals unterst\u00fctzt voll und ganz das Ziel von REACH und beteiligt sich aktiv an der Erweiterung des Stoffwissens \u2013 Wissen ist der erste Schritt zur Sicherheit.<\/p>\n<p>ESIM Chemicals \u00fcbernimmt die Verantwortung f\u00fcr mehr als 10 Stoffe als Lead Registrant und REACH.<\/p>\n<p>Verantwortungsbewusste und nachhaltig orientierte Unternehmen entscheiden sich f\u00fcr ESIM Chemicals.<\/p>\n<p>\u00fcr weitere Informationen \u00fcber unser REACH-Programm <a href=\"mailto:info@esim-chemicals.com?subject=Mehr%20Informationen%20zu%20ihrem%20REACH%20Program\">kontaktieren Sie uns.<\/a><\/p>\n\t\t\t\t\t\t\t\t<\/div>\n\t\t\t\t<\/div>\n\t\t\t\t\t<\/div>\n\t\t<\/div>\n\t\t\t\t<div class=\"elementor-column elementor-col-33 elementor-top-column elementor-element elementor-element-48c2fb2a\" data-id=\"48c2fb2a\" data-element_type=\"column\" data-e-type=\"column\">\n\t\t\t<div class=\"elementor-widget-wrap elementor-element-populated\">\n\t\t\t\t\t\t<div class=\"elementor-element elementor-element-efff72e elementor-widget elementor-widget-image\" data-id=\"efff72e\" data-element_type=\"widget\" data-e-type=\"widget\" data-widget_type=\"image.default\">\n\t\t\t\t<div class=\"elementor-widget-container\">\n\t\t\t\t\t\t\t\t\t\t\t\t\t\t\t<img fetchpriority=\"high\" decoding=\"async\" width=\"800\" height=\"534\" src=\"https:\/\/www.esim-chemicals.com\/wp-content\/uploads\/2021\/11\/Nordlicht-OM2A6884-1024x683.jpg\" class=\"attachment-large size-large wp-image-2029\" alt=\"\" srcset=\"https:\/\/www.esim-chemicals.com\/wp-content\/uploads\/2021\/11\/Nordlicht-OM2A6884-1024x683.jpg 1024w, https:\/\/www.esim-chemicals.com\/wp-content\/uploads\/2021\/11\/Nordlicht-OM2A6884-300x200.jpg 300w, https:\/\/www.esim-chemicals.com\/wp-content\/uploads\/2021\/11\/Nordlicht-OM2A6884-768x512.jpg 768w, https:\/\/www.esim-chemicals.com\/wp-content\/uploads\/2021\/11\/Nordlicht-OM2A6884.jpg 1500w\" sizes=\"(max-width: 800px) 100vw, 800px\" \/>\t\t\t\t\t\t\t\t\t\t\t\t\t\t\t<\/div>\n\t\t\t\t<\/div>\n\t\t\t\t\t<\/div>\n\t\t<\/div>\n\t\t\t\t\t<\/div>\n\t\t<\/section>\n\t\t\t\t<\/div>\n\t\t","protected":false},"excerpt":{"rendered":"<p>REACH. Erfahren Sie mehr \u00fcber unser REACH-Programm \/\/\/ REACH \u2013 ein starker Bestandteil unserer Corporate Social Responsibility REACH steht f\u00fcr Registration, Evaluation and Authorisation von Chemikalien REACH ist die weltweit erste umfassende Regulierung synthetischer Chemikalien. REACH sch\u00fctzt vor Gesundheits- und Umweltrisiken und dient weltweit als Vorbild f\u00fcr die Chemikaliengesetzgebung. ESIM Chemicals unterst\u00fctzt voll und ganz [&hellip;]<\/p>\n","protected":false},"author":1,"featured_media":0,"parent":2508,"menu_order":0,"comment_status":"closed","ping_status":"closed","template":"","meta":{"footnotes":""},"class_list":["post-2279","page","type-page","status-publish","hentry"],"_links":{"self":[{"href":"https:\/\/www.esim-chemicals.com\/de\/wp-json\/wp\/v2\/pages\/2279","targetHints":{"allow":["GET"]}}],"collection":[{"href":"https:\/\/www.esim-chemicals.com\/de\/wp-json\/wp\/v2\/pages"}],"about":[{"href":"https:\/\/www.esim-chemicals.com\/de\/wp-json\/wp\/v2\/types\/page"}],"author":[{"embeddable":true,"href":"https:\/\/www.esim-chemicals.com\/de\/wp-json\/wp\/v2\/users\/1"}],"replies":[{"embeddable":true,"href":"https:\/\/www.esim-chemicals.com\/de\/wp-json\/wp\/v2\/comments?post=2279"}],"version-history":[{"count":10,"href":"https:\/\/www.esim-chemicals.com\/de\/wp-json\/wp\/v2\/pages\/2279\/revisions"}],"predecessor-version":[{"id":3517,"href":"https:\/\/www.esim-chemicals.com\/de\/wp-json\/wp\/v2\/pages\/2279\/revisions\/3517"}],"up":[{"embeddable":true,"href":"https:\/\/www.esim-chemicals.com\/de\/wp-json\/wp\/v2\/pages\/2508"}],"wp:attachment":[{"href":"https:\/\/www.esim-chemicals.com\/de\/wp-json\/wp\/v2\/media?parent=2279"}],"curies":[{"name":"wp","href":"https:\/\/api.w.org\/{rel}","templated":true}]}}